{"id":25,"date":"2023-02-07T17:12:11","date_gmt":"2023-02-07T17:12:11","guid":{"rendered":"https:\/\/transatlantikerinnen.de\/?page_id=25"},"modified":"2025-11-17T09:08:35","modified_gmt":"2025-11-17T09:08:35","slug":"impressum","status":"publish","type":"page","link":"https:\/\/transatlantikerinnen.de\/?page_id=25","title":{"rendered":"Impressum"},"content":{"rendered":"\n<h2 class=\"wp-block-heading\" id=\"c586-dieses-internetangebot-wird-unterhalten-von\">V.i.S.d.P.<\/h2>\n\n\n\n<p>B\u00dcNDNIS 90\/DIE GR\u00dcNEN Berlin-Mitte<\/p>\n\n\n\n<p>vertreten durch den Vorstand<br>Tegeler Stra\u00dfe 31<br>13353 Berlin<\/p>\n\n\n\n<h3 class=\"wp-block-heading\" id=\"c586-informationen-gemaess-5-telemediengesetz\">Informationen gem\u00e4\u00df \u00a7 5 Telemediengesetz (TMG)<\/h3>\n\n\n\n<p>Vorstand B\u00dcNDNIS 90\/DIE GR\u00dcNEN Berlin-Mitte<br>Tegeler Stra\u00dfe 31<br>13353 Berlin<br>E-Mail:&nbsp;<a href=\"mailto:info@gruene-mitte.de\">info@gruene-mitte.de<\/a><\/p>\n\n\n\n<h3 class=\"wp-block-heading\" id=\"c586-haftungshinweis\">Haftungshinweis<\/h3>\n\n\n\n<p>Diese Webseite und deren Inhalt wird durch ohne ein kommerzielles Interesse zur Verf\u00fcgung gestellt und dient einer rein politischen T\u00e4tigkeit basierend auf ehrenamtlichem Engagement.<\/p>\n\n\n\n<p>Unser Angebot enth\u00e4lt Links zu externen Webseiten Dritter, auf deren Inhalte wir keinen Einfluss haben. Deshalb k\u00f6nnen wir f\u00fcr diese fremden Inhalte auch keine Gew\u00e4hr \u00fcbernehmen. F\u00fcr die Inhalte der verlinkten Seiten ist stets der jeweilige Anbieter oder Betreiber der Seiten verantwortlich. Die verlinkten Seiten wurden zum Zeitpunkt der Verlinkung auf m\u00f6gliche Rechtsverst\u00f6\u00dfe \u00fcberpr\u00fcft. Rechtswidrige Inhalte waren zum Zeitpunkt der Verlinkung nicht erkennbar. Eine permanente inhaltliche Kontrolle der verlinkten Seiten ist jedoch ohne konkrete Anhaltspunkte einer Rechtsverletzung nicht zumutbar. Bei Bekanntwerden von Rechtsverletzungen werden wir derartige Links umgehend entfernen.<\/p>\n\n\n\n<p>Quelle f\u00fcr das Titelbild: Yohan Marion, unsplash.<\/p>\n","protected":false},"excerpt":{"rendered":"<p>V.i.S.d.P. B\u00dcNDNIS 90\/DIE GR\u00dcNEN Berlin-Mitte vertreten durch den VorstandTegeler Stra\u00dfe 3113353 Berlin Informationen gem\u00e4\u00df \u00a7 5 Telemediengesetz (TMG) Vorstand B\u00dcNDNIS 90\/DIE GR\u00dcNEN Berlin-MitteTegeler Stra\u00dfe 3113353 &hellip;<\/p>\n","protected":false},"author":2,"featured_media":0,"parent":0,"menu_order":1,"comment_status":"closed","ping_status":"closed","template":"","meta":{"_mc_calendar":[],"footnotes":""},"class_list":["post-25","page","type-page","status-publish","hentry"],"_links":{"self":[{"href":"https:\/\/transatlantikerinnen.de\/index.php?rest_route=\/wp\/v2\/pages\/25","targetHints":{"allow":["GET"]}}],"collection":[{"href":"https:\/\/transatlantikerinnen.de\/index.php?rest_route=\/wp\/v2\/pages"}],"about":[{"href":"https:\/\/transatlantikerinnen.de\/index.php?rest_route=\/wp\/v2\/types\/page"}],"author":[{"embeddable":true,"href":"https:\/\/transatlantikerinnen.de\/index.php?rest_route=\/wp\/v2\/users\/2"}],"replies":[{"embeddable":true,"href":"https:\/\/transatlantikerinnen.de\/index.php?rest_route=%2Fwp%2Fv2%2Fcomments&post=25"}],"version-history":[{"count":10,"href":"https:\/\/transatlantikerinnen.de\/index.php?rest_route=\/wp\/v2\/pages\/25\/revisions"}],"predecessor-version":[{"id":348,"href":"https:\/\/transatlantikerinnen.de\/index.php?rest_route=\/wp\/v2\/pages\/25\/revisions\/348"}],"wp:attachment":[{"href":"https:\/\/transatlantikerinnen.de\/index.php?rest_route=%2Fwp%2Fv2%2Fmedia&parent=25"}],"curies":[{"name":"wp","href":"https:\/\/api.w.org\/{rel}","templated":true}]}}